{"id":2,"date":"2018-08-14T12:07:47","date_gmt":"2018-08-14T12:07:47","guid":{"rendered":"http:\/\/www.direktaktion.se\/?page_id=2"},"modified":"2018-08-14T12:17:47","modified_gmt":"2018-08-14T12:17:47","slug":"about","status":"publish","type":"page","link":"https:\/\/www.direktaktion.se\/?page_id=2","title":{"rendered":"Om oss"},"content":{"rendered":"<p>Direkaktion best\u00e5r utav 4 skribenter som vill f\u00f6r\u00e4ndra samh\u00e4llet till det b\u00e4ttre. Genom informativa artiklar som ber\u00f6r infrastruktur, energi och hush\u00e5ll s\u00e5 vill vi sprida kunskap om hur vi genom att ta sm\u00e5 enkla kliv kan f\u00f6r\u00e4ndra v\u00e5rt land via politikens korridorer. Varje man har en r\u00f6st och det g\u00e4ller att vi utnyttjar den.<\/p>\n<p>V\u00e4nligen bes\u00f6k oss s\u00e5 ofta ni kan, vi \u00e4r dedikerade och det borde ni ocks\u00e5 vara!<\/p>\n<p>\/Direktaktion teamet<\/p>\n","protected":false},"excerpt":{"rendered":"<p>Direkaktion best\u00e5r utav 4 skribenter som vill f\u00f6r\u00e4ndra samh\u00e4llet till det b\u00e4ttre. Genom informativa artiklar som ber\u00f6r infrastruktur, energi och hush\u00e5ll s\u00e5 vill vi sprida kunskap om hur vi genom att ta sm\u00e5 enkla kliv kan f\u00f6r\u00e4ndra v\u00e5rt land via politikens korridorer. Varje man har en r\u00f6st och det g\u00e4ller att vi utnyttjar den. V\u00e4nligen &hellip; <\/p>\n<p><a class=\"more-link btn\" href=\"https:\/\/www.direktaktion.se\/?page_id=2\">Forts\u00e4tt l\u00e4sa<\/a><\/p>\n","protected":false},"author":1,"featured_media":0,"parent":0,"menu_order":0,"comment_status":"open","ping_status":"open","template":"","meta":[],"_links":{"self":[{"href":"https:\/\/www.direktaktion.se\/index.php?rest_route=\/wp\/v2\/pages\/2"}],"collection":[{"href":"https:\/\/www.direktaktion.se\/index.php?rest_route=\/wp\/v2\/pages"}],"about":[{"href":"https:\/\/www.direktaktion.se\/index.php?rest_route=\/wp\/v2\/types\/page"}],"author":[{"embeddable":true,"href":"https:\/\/www.direktaktion.se\/index.php?rest_route=\/wp\/v2\/users\/1"}],"replies":[{"embeddable":true,"href":"https:\/\/www.direktaktion.se\/index.php?rest_route=%2Fwp%2Fv2%2Fcomments&post=2"}],"version-history":[{"count":2,"href":"https:\/\/www.direktaktion.se\/index.php?rest_route=\/wp\/v2\/pages\/2\/revisions"}],"predecessor-version":[{"id":13,"href":"https:\/\/www.direktaktion.se\/index.php?rest_route=\/wp\/v2\/pages\/2\/revisions\/13"}],"wp:attachment":[{"href":"https:\/\/www.direktaktion.se\/index.php?rest_route=%2Fwp%2Fv2%2Fmedia&parent=2"}],"curies":[{"name":"wp","href":"https:\/\/api.w.org\/{rel}","templated":true}]}}